{"id":114101,"date":"2020-05-20T08:19:45","date_gmt":"2020-05-20T06:19:45","guid":{"rendered":"https:\/\/shop.wellnesspatince.sk\/fakturacne-udaje\/"},"modified":"2022-06-17T11:57:56","modified_gmt":"2022-06-17T09:57:56","slug":"fakturacne-udaje","status":"publish","type":"page","link":"https:\/\/shop.wellnesspatince.sk\/hu\/fakturacne-udaje\/","title":{"rendered":"Sz\u00e1ml\u00e1z\u00e1si adatok"},"content":{"rendered":"\t\t<div data-elementor-type=\"wp-page\" data-elementor-id=\"114101\" class=\"elementor elementor-114101 elementor-99012\">\n\t\t\t\t\t\t<section class=\"elementor-section elementor-top-section elementor-element elementor-element-3ef7215c elementor-section-boxed elementor-section-height-default elementor-section-height-default\" data-id=\"3ef7215c\" data-element_type=\"section\">\n\t\t\t\t\t\t<div class=\"elementor-container elementor-column-gap-default\">\n\t\t\t\t\t<div class=\"elementor-column elementor-col-100 elementor-top-column elementor-element elementor-element-43681f34\" data-id=\"43681f34\" data-element_type=\"column\">\n\t\t\t<div class=\"elementor-widget-wrap elementor-element-populated\">\n\t\t\t\t\t\t<div class=\"elementor-element elementor-element-4b9d03d3 elementor-widget elementor-widget-text-editor\" data-id=\"4b9d03d3\" data-element_type=\"widget\" data-widget_type=\"text-editor.default\">\n\t\t\t\t<div class=\"elementor-widget-container\">\n\t\t\t\t\t\t\t\t\t<p><\/p>\n<p style=\"margin: 0cm;\"><strong>Wellness Invest, a. s.<\/strong><\/p>\n<p style=\"margin: 0cm;\">Mal\u00fd trh 2\/A, <br \/>811 08 Bratislava\u00a0\u00a0<br \/><strong><br \/><\/strong><b><span lang=\"HU\" style=\"font-size: 12pt; line-height: 107%; padding: 0cm; border: 1pt none windowtext;\">I\u010cO (szervezetazonos\u00edt\u00f3 sz\u00e1m):<\/span><\/b><span lang=\"HU\" style=\"font-size: 12pt; line-height: 107%;\"> 47 240 008\u00a0 <br \/><b><span style=\"padding: 0cm; border: 1pt none windowtext;\">I\u010c DPH (k\u00f6z\u00f6ss\u00e9gi ad\u00f3sz\u00e1m)<\/span><\/b>: SK2023551904<br \/>C\u00e9gbejegyz\u00e9s: J\u00e1r\u00e1sb\u00edr\u00f3s\u00e1g Nitra (Nyitra), C\u00e9gjegyz\u00e9k, r\u00e9szleg: Sro, bet\u00e9tsz\u00e1m: 18357\/N<br \/><strong>K\u00e9pviseli:<\/strong> Ing. Peter Hudec, \u00fcgyvezet\u0151<br \/><strong>Banki kapcsolat:<\/strong><\/span><\/p>\n<p style=\"margin: 0cm;\">365.bank, a.s.<\/p>\n<p style=\"margin: 0cm;\"><strong><br \/>SWIFT (BIC):<\/strong> POBNSKBA<\/p>\n<p style=\"margin: 0cm;\"><strong>IBAN:<\/strong> SK8365000000000020528910<\/p>\n<p style=\"margin: 0cm;\"><span lang=\"HU\" style=\"font-size: 12pt; line-height: 107%;\"><b><span style=\"padding: 0cm; border: 1pt none windowtext;\">mail:<\/span><\/b>eshop@wellnesspatince.sk<br \/><b><span style=\"padding: 0cm; border: 1pt none windowtext;\">Tel.sz.<\/span><\/b>\u00a0+ 421 918 886 715<\/span><br \/><strong><a href=\"https:\/\/www.wellnesspatince.sk\/\" target=\"_blank\" rel=\"noopener\">www.wellnesspatince.sk<\/a>\u00a0<\/strong><\/p>\n<div class=\"contact-item\">\u00a0<\/div>\n<p>\u00a0<\/p>\n<p><\/p>\t\t\t\t\t\t\t\t<\/div>\n\t\t\t\t<\/div>\n\t\t\t\t\t<\/div>\n\t\t<\/div>\n\t\t\t\t\t<\/div>\n\t\t<\/section>\n\t\t\t\t<\/div>\n\t\t","protected":false},"excerpt":{"rendered":"<p>Wellness Invest, a. s. Mal\u00fd trh 2\/A, 811 08 Bratislava\u00a0\u00a0I\u010cO (szervezetazonos\u00edt\u00f3 sz\u00e1m): 47 240 008\u00a0 I\u010c DPH (k\u00f6z\u00f6ss\u00e9gi ad\u00f3sz\u00e1m): SK2023551904C\u00e9gbejegyz\u00e9s: J\u00e1r\u00e1sb\u00edr\u00f3s\u00e1g Nitra (Nyitra), C\u00e9gjegyz\u00e9k, r\u00e9szleg: Sro, bet\u00e9tsz\u00e1m: 18357\/NK\u00e9pviseli: Ing. Peter Hudec, \u00fcgyvezet\u0151Banki kapcsolat: 365.bank, a.s. SWIFT (BIC): POBNSKBA IBAN: SK8365000000000020528910 mail:eshop@wellnesspatince.skTel.sz.\u00a0+ 421 918 886 715www.wellnesspatince.sk\u00a0 \u00a0 \u00a0<\/p>\n","protected":false},"author":2,"featured_media":0,"parent":0,"menu_order":0,"comment_status":"closed","ping_status":"closed","template":"","meta":{"site-sidebar-layout":"default","site-content-layout":"default","ast-site-content-layout":"default","site-content-style":"default","site-sidebar-style":"default","ast-global-header-display":"","ast-banner-title-visibility":"","ast-main-header-display":"","ast-hfb-above-header-display":"","ast-hfb-below-header-display":"","ast-hfb-mobile-header-display":"","site-post-title":"","ast-breadcrumbs-content":"","ast-featured-img":"","footer-sml-layout":"","theme-transparent-header-meta":"default","adv-header-id-meta":"","stick-header-meta":"","header-above-stick-meta":"","header-main-stick-meta":"","header-below-stick-meta":"","astra-migrate-meta-layouts":"default","ast-page-background-enabled":"default","ast-page-background-meta":{"desktop":{"background-color":"","background-image":"","background-repeat":"repeat","background-position":"center center","background-size":"auto","background-attachment":"scroll","background-type":"","background-media":"","overlay-type":"","overlay-color":"","overlay-opacity":"","overlay-gradient":""},"tablet":{"background-color":"","background-image":"","background-repeat":"repeat","background-position":"center center","background-size":"auto","background-attachment":"scroll","background-type":"","background-media":"","overlay-type":"","overlay-color":"","overlay-opacity":"","overlay-gradient":""},"mobile":{"background-color":"","background-image":"","background-repeat":"repeat","background-position":"center center","background-size":"auto","background-attachment":"scroll","background-type":"","background-media":"","overlay-type":"","overlay-color":"","overlay-opacity":"","overlay-gradient":""}},"ast-content-background-meta":{"desktop":{"background-color":"var(--ast-global-color-5)","background-image":"","background-repeat":"repeat","background-position":"center center","background-size":"auto","background-attachment":"scroll","background-type":"","background-media":"","overlay-type":"","overlay-color":"","overlay-opacity":"","overlay-gradient":""},"tablet":{"background-color":"var(--ast-global-color-5)","background-image":"","background-repeat":"repeat","background-position":"center center","background-size":"auto","background-attachment":"scroll","background-type":"","background-media":"","overlay-type":"","overlay-color":"","overlay-opacity":"","overlay-gradient":""},"mobile":{"background-color":"var(--ast-global-color-5)","background-image":"","background-repeat":"repeat","background-position":"center center","background-size":"auto","background-attachment":"scroll","background-type":"","background-media":"","overlay-type":"","overlay-color":"","overlay-opacity":"","overlay-gradient":""}},"footnotes":""},"class_list":["post-114101","page","type-page","status-publish","hentry"],"acf":[],"_links":{"self":[{"href":"https:\/\/shop.wellnesspatince.sk\/hu\/wp-json\/wp\/v2\/pages\/114101","targetHints":{"allow":["GET"]}}],"collection":[{"href":"https:\/\/shop.wellnesspatince.sk\/hu\/wp-json\/wp\/v2\/pages"}],"about":[{"href":"https:\/\/shop.wellnesspatince.sk\/hu\/wp-json\/wp\/v2\/types\/page"}],"author":[{"embeddable":true,"href":"https:\/\/shop.wellnesspatince.sk\/hu\/wp-json\/wp\/v2\/users\/2"}],"replies":[{"embeddable":true,"href":"https:\/\/shop.wellnesspatince.sk\/hu\/wp-json\/wp\/v2\/comments?post=114101"}],"version-history":[{"count":0,"href":"https:\/\/shop.wellnesspatince.sk\/hu\/wp-json\/wp\/v2\/pages\/114101\/revisions"}],"wp:attachment":[{"href":"https:\/\/shop.wellnesspatince.sk\/hu\/wp-json\/wp\/v2\/media?parent=114101"}],"curies":[{"name":"wp","href":"https:\/\/api.w.org\/{rel}","templated":true}]}}