{"id":114109,"date":"2020-05-20T08:03:54","date_gmt":"2020-05-20T06:03:54","guid":{"rendered":"https:\/\/shop.wellnesspatince.sk\/reklamacny-poriadok\/"},"modified":"2022-04-29T07:01:35","modified_gmt":"2022-04-29T05:01:35","slug":"reklamacny-poriadok","status":"publish","type":"page","link":"https:\/\/shop.wellnesspatince.sk\/hu\/reklamacny-poriadok\/","title":{"rendered":"Reklam\u00e1ci\u00f3k"},"content":{"rendered":"\t\t<div data-elementor-type=\"wp-page\" data-elementor-id=\"114109\" class=\"elementor elementor-114109 elementor-99005\">\n\t\t\t\t\t\t<section class=\"elementor-section elementor-top-section elementor-element elementor-element-675fa23f elementor-section-boxed elementor-section-height-default elementor-section-height-default\" data-id=\"675fa23f\" data-element_type=\"section\">\n\t\t\t\t\t\t<div class=\"elementor-container elementor-column-gap-default\">\n\t\t\t\t\t<div class=\"elementor-column elementor-col-100 elementor-top-column elementor-element elementor-element-7ca8cf2c\" data-id=\"7ca8cf2c\" data-element_type=\"column\">\n\t\t\t<div class=\"elementor-widget-wrap elementor-element-populated\">\n\t\t\t\t\t\t<div class=\"elementor-element elementor-element-3845bfdf elementor-widget elementor-widget-text-editor\" data-id=\"3845bfdf\" data-element_type=\"widget\" data-widget_type=\"text-editor.default\">\n\t\t\t\t<div class=\"elementor-widget-container\">\n\t\t\t\t\t\t\t\t\t\n<p><strong>Reklam\u00e1ci\u00f3s szab\u00e1lyzat (hib\u00e1kra vonatkoz\u00f3 felel\u0151ss\u00e9g, garancia, reklam\u00e1ci\u00f3k)<\/strong><\/p>\n<p>Elad\u00f3 felel a szolg\u00e1ltat\u00e1sok hib\u00e1i\u00e9rt \u00e9s vev\u0151 k\u00f6teles a reklam\u00e1ci\u00f3t halad\u00e9ktalanul \u00e9rv\u00e9nyes\u00edtni az elad\u00f3n\u00e1l a jelen \u00e1ltal\u00e1nos \u00fczleti felt\u00e9telek szerint.<\/p>\n<p>Amennyiben nem ker\u00fclt sor a megfelel\u0151 szolg\u00e1ltat\u00e1sny\u00fajt\u00e1sra, vagy a szolg\u00e1ltat\u00e1sokban hib\u00e1k tapasztalhat\u00f3k, vev\u0151nek joga van \u00e9rv\u00e9nyes\u00edteni a reklam\u00e1ci\u00f3t \u00fczemeltet\u0151 \u00fczemegys\u00e9g\u00e9ben oly m\u00f3don, hogy kit\u00f6lti a reklam\u00e1ci\u00f3 \u00e9rv\u00e9nyes\u00edt\u00e9s\u00e9re vonatkoz\u00f3 formanyomtatv\u00e1nyt, \u00e9s azt k\u00e9zbes\u00edti elad\u00f3nak. Vev\u0151 k\u00f6teles a nyomtatv\u00e1nyban pontosan megjel\u00f6lni az \u00e1ru hib\u00e1inak fajt\u00e1j\u00e1t \u00e9s terjedelm\u00e9t.<\/p>\n<p>Vev\u0151 k\u00f6teles a szolg\u00e1ltat\u00e1s hib\u00e1it elad\u00f3n\u00e1l reklam\u00e1lni halad\u00e9ktalanul a szolg\u00e1ltat\u00e1sny\u00fajt\u00e1s ut\u00e1n, \u00e9s amennyiben egy\u00e1ltal\u00e1n nem ker\u00fclt sor szolg\u00e1ltat\u00e1sny\u00fajt\u00e1sra, att\u00f3l a napt\u00f3l sz\u00e1m\u00edtva, amikor azoknak sorra kellett volna ker\u00fclni\u00fck.<\/p>\n<p>A reklam\u00e1ci\u00f3s elj\u00e1r\u00e1s kezdete egyszersmind a reklam\u00e1ci\u00f3 \u00e9rv\u00e9nyes\u00edt\u00e9s\u00e9nek napja is.<\/p>\n<p>Elad\u00f3 a reklam\u00e1ci\u00f3 k\u00e9zhezv\u00e9tel\u00e9nek napj\u00e1n igazol\u00e1st ad ki vev\u0151nek arr\u00f3l, hogy megkapta a reklam\u00e1ci\u00f3t az \u00e1ltala megfelel\u0151nek tartott form\u00e1ban.<\/p>\n<p>Tekintettel az elad\u00f3 \u00e1ltal ny\u00fajtott szolg\u00e1ltat\u00e1sok jelleg\u00e9re elad\u00f3 a reklam\u00e1lt hib\u00e1s szolg\u00e1ltat\u00e1sokat p\u00f3tszolg\u00e1ltat\u00e1sok ny\u00fajt\u00e1s\u00e1val vagy a v\u00e9tel\u00e1rra vonatkoz\u00f3 \u00e1rengedm\u00e9nnyel h\u00e1r\u00edtja el. Azokban az esetekben, ahol a hib\u00e1s szolg\u00e1ltat\u00e1st nem lehet sem p\u00f3tszolg\u00e1ltat\u00e1ssal, sem pedig a v\u00e9tel\u00e1r cs\u00f6kkent\u00e9s\u00e9vel elh\u00e1r\u00edtani, vev\u0151nek joga van a v\u00e9tel\u00e1r visszat\u00e9r\u00edt\u00e9s\u00e9re.<\/p>\n<p>Elad\u00f3 k\u00f6teles a vev\u0151nek a reklam\u00e1ci\u00f3 \u00e9rv\u00e9nyes\u00edt\u00e9se ut\u00e1n legfeljebb 30 nappal \u00edr\u00e1sos igazol\u00e1st kiadni a reklam\u00e1ci\u00f3 elint\u00e9z\u00e9s\u00e9r\u0151l.<\/p>\n<p>A reklam\u00e1ci\u00f3 elint\u00e9z\u00e9se csak a reklam\u00e1ci\u00f3s formanyomtatv\u00e1nyban felt\u00fcntetett hib\u00e1kra vonatkozik.<\/p>\n<p><em><strong><a href=\"https:\/\/shop.wellnesspatince.sk\/wp-content\/uploads\/2022\/04\/Formular-odstuupenie-od-zmluvy_HU.docx\" target=\"_blank\" rel=\"noopener\">EL\u00c1LL\u00c1SI \u0170RLAP<\/a><\/strong><\/em><\/p>\n\n<p>\u00a0<\/p>\n\n<p>\u00a0<\/p>\n\t\t\t\t\t\t\t\t<\/div>\n\t\t\t\t<\/div>\n\t\t\t\t\t<\/div>\n\t\t<\/div>\n\t\t\t\t\t<\/div>\n\t\t<\/section>\n\t\t\t\t<\/div>\n\t\t","protected":false},"excerpt":{"rendered":"<p>Reklam\u00e1ci\u00f3s szab\u00e1lyzat (hib\u00e1kra vonatkoz\u00f3 felel\u0151ss\u00e9g, garancia, reklam\u00e1ci\u00f3k) Elad\u00f3 felel a szolg\u00e1ltat\u00e1sok hib\u00e1i\u00e9rt \u00e9s vev\u0151 k\u00f6teles a reklam\u00e1ci\u00f3t halad\u00e9ktalanul \u00e9rv\u00e9nyes\u00edtni az elad\u00f3n\u00e1l a jelen \u00e1ltal\u00e1nos \u00fczleti felt\u00e9telek szerint. Amennyiben nem ker\u00fclt sor a megfelel\u0151 szolg\u00e1ltat\u00e1sny\u00fajt\u00e1sra, vagy a szolg\u00e1ltat\u00e1sokban hib\u00e1k tapasztalhat\u00f3k, vev\u0151nek joga van \u00e9rv\u00e9nyes\u00edteni a reklam\u00e1ci\u00f3t \u00fczemeltet\u0151 \u00fczemegys\u00e9g\u00e9ben oly m\u00f3don, hogy kit\u00f6lti a reklam\u00e1ci\u00f3 \u00e9rv\u00e9nyes\u00edt\u00e9s\u00e9re vonatkoz\u00f3 [&hellip;]<\/p>\n","protected":false},"author":2,"featured_media":0,"parent":0,"menu_order":0,"comment_status":"closed","ping_status":"closed","template":"","meta":{"site-sidebar-layout":"default","site-content-layout":"default","ast-site-content-layout":"default","site-content-style":"default","site-sidebar-style":"default","ast-global-header-display":"","ast-banner-title-visibility":"","ast-main-header-display":"","ast-hfb-above-header-display":"","ast-hfb-below-header-display":"","ast-hfb-mobile-header-display":"","site-post-title":"","ast-breadcrumbs-content":"","ast-featured-img":"","footer-sml-layout":"","theme-transparent-header-meta":"default","adv-header-id-meta":"","stick-header-meta":"","header-above-stick-meta":"","header-main-stick-meta":"","header-below-stick-meta":"","astra-migrate-meta-layouts":"default","ast-page-background-enabled":"default","ast-page-background-meta":{"desktop":{"background-color":"","background-image":"","background-repeat":"repeat","background-position":"center center","background-size":"auto","background-attachment":"scroll","background-type":"","background-media":"","overlay-type":"","overlay-color":"","overlay-opacity":"","overlay-gradient":""},"tablet":{"background-color":"","background-image":"","background-repeat":"repeat","background-position":"center center","background-size":"auto","background-attachment":"scroll","background-type":"","background-media":"","overlay-type":"","overlay-color":"","overlay-opacity":"","overlay-gradient":""},"mobile":{"background-color":"","background-image":"","background-repeat":"repeat","background-position":"center center","background-size":"auto","background-attachment":"scroll","background-type":"","background-media":"","overlay-type":"","overlay-color":"","overlay-opacity":"","overlay-gradient":""}},"ast-content-background-meta":{"desktop":{"background-color":"var(--ast-global-color-5)","background-image":"","background-repeat":"repeat","background-position":"center center","background-size":"auto","background-attachment":"scroll","background-type":"","background-media":"","overlay-type":"","overlay-color":"","overlay-opacity":"","overlay-gradient":""},"tablet":{"background-color":"var(--ast-global-color-5)","background-image":"","background-repeat":"repeat","background-position":"center center","background-size":"auto","background-attachment":"scroll","background-type":"","background-media":"","overlay-type":"","overlay-color":"","overlay-opacity":"","overlay-gradient":""},"mobile":{"background-color":"var(--ast-global-color-5)","background-image":"","background-repeat":"repeat","background-position":"center center","background-size":"auto","background-attachment":"scroll","background-type":"","background-media":"","overlay-type":"","overlay-color":"","overlay-opacity":"","overlay-gradient":""}},"footnotes":""},"class_list":["post-114109","page","type-page","status-publish","hentry"],"acf":[],"_links":{"self":[{"href":"https:\/\/shop.wellnesspatince.sk\/hu\/wp-json\/wp\/v2\/pages\/114109","targetHints":{"allow":["GET"]}}],"collection":[{"href":"https:\/\/shop.wellnesspatince.sk\/hu\/wp-json\/wp\/v2\/pages"}],"about":[{"href":"https:\/\/shop.wellnesspatince.sk\/hu\/wp-json\/wp\/v2\/types\/page"}],"author":[{"embeddable":true,"href":"https:\/\/shop.wellnesspatince.sk\/hu\/wp-json\/wp\/v2\/users\/2"}],"replies":[{"embeddable":true,"href":"https:\/\/shop.wellnesspatince.sk\/hu\/wp-json\/wp\/v2\/comments?post=114109"}],"version-history":[{"count":0,"href":"https:\/\/shop.wellnesspatince.sk\/hu\/wp-json\/wp\/v2\/pages\/114109\/revisions"}],"wp:attachment":[{"href":"https:\/\/shop.wellnesspatince.sk\/hu\/wp-json\/wp\/v2\/media?parent=114109"}],"curies":[{"name":"wp","href":"https:\/\/api.w.org\/{rel}","templated":true}]}}