{"id":114093,"date":"2025-08-13T19:55:45","date_gmt":"2020-05-13T17:55:45","guid":{"rendered":"https:\/\/shop.wellnesspatince.sk\/product\/bazenovy-svet-a-saunovy-svet-celodenny\/"},"modified":"2025-09-22T13:43:31","modified_gmt":"2025-09-22T11:43:31","slug":"termalpark-wellness-kozpont-egessznapos-belepo","status":"publish","type":"product","link":"https:\/\/shop.wellnesspatince.sk\/hu\/termek\/termalpark-wellness-kozpont-egessznapos-belepo\/","title":{"rendered":"Term\u00e1lpark + Wellness k\u00f6zpont &#8211; eg\u00e9ssznapos bel\u00e9p\u0151 (Szezonon k\u00edv\u00fcl)"},"content":{"rendered":"<h2>Term\u00e9kle\u00edr\u00e1s<\/h2>\n<p><strong>Bel\u00e9p\u0151 minden bels\u0151 term\u00e1lmedenc\u00e9be:<\/strong> Nagy relax\u00e1ci\u00f3s medence, Nyugtat\u00f3 medence, Pezsg\u0151f\u00fcrd\u0151, Bels\u0151 gyermekmedence tobog\u00e1nnal, pihen\u0151 z\u00f3na \u2013 pool bar, wellness \u00e9tterem, benti gyermeksarok<br \/>\n<strong>Bel\u00e9p\u0151 a szaunavil\u00e1gba: egyszeri 3 \u00f3r\u00e1s bel\u00e9p\u00e9s:<\/strong> finn, sv\u00e9d, g\u0151z-szauna, gy\u00f3gyf\u00fcves \u00e9s infraszauna, pihen\u0151helyis\u00e9g, pezsg\u0151f\u00fcrd\u0151, h\u0171s\u00edt\u0151 medence.<\/p>\n<h2>\u00c9rv\u00e9nyess\u00e9g<\/h2>\n<p>Az utalv\u00e1ny a v\u00e1s\u00e1rl\u00e1st\u00f3l sz\u00e1m\u00edtott 6 h\u00f3napig \u00e9rv\u00e9nyes. K\u00e9rj\u00fck, l\u00e1togat\u00e1sa el\u0151tt ellen\u0151rizze a <a href=\"https:\/\/wellnesspatince.sk\/hu\/nyitvatartasi-ido-es-ertesitesek\/\">nyitvatart\u00e1si id\u0151t.<\/a><\/p>\n","protected":false},"excerpt":{"rendered":"<p><strong>Eg\u00e9sz napos bel\u00e9p\u0151 a Thermal Parkba\u00a0<\/strong><\/p>\n<p>A Wellness Hotel Patince a\u00a0pihen\u00e9s \u00e9lm\u00e9ny\u00e9t ny\u00fajtja az eg\u00e9sz csal\u00e1dnak. Medenc\u00e9inkben saj\u00e1t meleg viz\u0171 forr\u00e1sunk viz\u00e9t haszn\u00e1ljuk. A\u00a0medencevil\u00e1gban az \u00d6n\u00f6k rendelkez\u00e9s\u00e9re \u00e1ll: egy nagy relax\u00e1ci\u00f3s medence, nyugtat\u00f3 medence, pezsg\u0151f\u00fcrd\u0151, gyermekmedence tobog\u00e1nnal. A szaunavil\u00e1gban tal\u00e1l finn, sv\u00e9d, gy\u00f3gyf\u00fcves, g\u0151z-szaun\u00e1t \u00e9s infraszaun\u00e1t, pihen\u0151helyis\u00e9get, pezsg\u0151f\u00fcrd\u0151t \u00e9s h\u0171s\u00f6l\u0151 medenc\u00e9t.<\/p>\n<p>A Wellness Hotel Patince\u00a0 a\u00a0pihen\u00e9s \u00e9lm\u00e9ny\u00e9t ny\u00fajtja az eg\u00e9sz csal\u00e1dnak. Medenc\u00e9inkben saj\u00e1t meleg viz\u0171 forr\u00e1sunk viz\u00e1t haszn\u00e1ljuk. A\u00a0medencevil\u00e1gban az \u00d6n\u00f6k rendelkez\u00e9s\u00e9re \u00e1ll: egy nagy relax\u00e1ci\u00f3s medence, nyugtat\u00f3 medence, pezsg\u0151f\u00fcrd\u0151, gyermekmedence tobog\u00e1nnal.<\/p>\n<p>A\u00a0v\u00edz h\u0151m\u00e9rs\u00e9klete a medenc\u00e9kben 30 &#8211; 36 \u00b0C k\u00f6z\u00f6tt mozog. A\u00a0nagy relax\u00e1ci\u00f3s medence v\u00edzi attrakci\u00f3kat is tartalmaz: hidromassz\u00e1zs, massz\u00edroz\u00f3 v\u00edz\u00e1gy\u00fak, massz\u00edroz\u00f3 v\u00edz\u00e1gyak, ellen\u00e1raml\u00e1s, v\u00edzi barlang, massz\u00edroz\u00f3 v\u00edzi gomba, pezsg\u0151f\u00fcrd\u0151. A\u00a0gyermekek biztosan j\u00f3l fognak sz\u00f3rakozni a\u00a0gyermekmedenc\u00e9ben, amelyhez egy gyermektobog\u00e1n is tartozik (a v\u00edz h\u0151m\u00e9rs\u00e9klete 32 \u00b0C). A\u00a0medencecsarnok feletti emeleten gyermeksarok v\u00e1rja az apr\u00f3s\u00e1gokat. A\u00a0medencevil\u00e1ghoz tartozik egy relax\u00e1ci\u00f3s \u00fcl\u0151medence is, amelyben a\u00a0v\u00edz h\u0151m\u00e9rs\u00e9klete 36 \u00b0C, \u00e9s amelynek tere elk\u00fcl\u00f6n\u00fcl a\u00a0nagy medenc\u00e9t\u0151l. A 36,\u00b0C meleg term\u00e1lviz\u0171 medenc\u00e9s f\u00fcrd\u0151nek nyugtat\u00f3 hat\u00e1sa van, valamint kedvez\u0151en hat a mozg\u00e1sszervekre.<\/p>\n<p><strong><span style=\"color: #ff0000;\">A Thermal parkba \u00e9s a Wellness k\u00f6zpontba sz\u00f3l\u00f3 jegyeket legal\u00e1bb 1 nappal a l\u00e1togat\u00e1s el\u0151tt kell megv\u00e1s\u00e1rolni, a v\u00e1s\u00e1rl\u00e1s napj\u00e1n nem \u00e9rv\u00e9nyesek.<\/span><\/strong><\/p>\n<p><strong>Gyermekek 120 cm-ig (5,99 \u00e9vig) 1 eur\u00f3\u00e9rt l\u00e9phetnek be a Thermal parkba.<\/strong> Jegyek p\u00e9nzt\u00e1rban v\u00e1s\u00e1rolhat\u00f3k.<\/p>\n","protected":false},"featured_media":124052,"template":"","meta":{"site-sidebar-layout":"default","site-content-layout":"default","ast-site-content-layout":"default","site-content-style":"default","site-sidebar-style":"default","ast-global-header-display":"","ast-banner-title-visibility":"","ast-main-header-display":"","ast-hfb-above-header-display":"","ast-hfb-below-header-display":"","ast-hfb-mobile-header-display":"","site-post-title":"","ast-breadcrumbs-content":"","ast-featured-img":"","footer-sml-layout":"","theme-transparent-header-meta":"default","adv-header-id-meta":"","stick-header-meta":"","header-above-stick-meta":"","header-main-stick-meta":"","header-below-stick-meta":"","astra-migrate-meta-layouts":"default","ast-page-background-enabled":"default","ast-page-background-meta":{"desktop":{"background-color":"","background-image":"","background-repeat":"repeat","background-position":"center center","background-size":"auto","background-attachment":"scroll","background-type":"","background-media":"","overlay-type":"","overlay-color":"","overlay-opacity":"","overlay-gradient":""},"tablet":{"background-color":"","background-image":"","background-repeat":"repeat","background-position":"center center","background-size":"auto","background-attachment":"scroll","background-type":"","background-media":"","overlay-type":"","overlay-color":"","overlay-opacity":"","overlay-gradient":""},"mobile":{"background-color":"","background-image":"","background-repeat":"repeat","background-position":"center center","background-size":"auto","background-attachment":"scroll","background-type":"","background-media":"","overlay-type":"","overlay-color":"","overlay-opacity":"","overlay-gradient":""}},"ast-content-background-meta":{"desktop":{"background-color":"var(--ast-global-color-5)","background-image":"","background-repeat":"repeat","background-position":"center center","background-size":"auto","background-attachment":"scroll","background-type":"","background-media":"","overlay-type":"","overlay-color":"","overlay-opacity":"","overlay-gradient":""},"tablet":{"background-color":"var(--ast-global-color-5)","background-image":"","background-repeat":"repeat","background-position":"center center","background-size":"auto","background-attachment":"scroll","background-type":"","background-media":"","overlay-type":"","overlay-color":"","overlay-opacity":"","overlay-gradient":""},"mobile":{"background-color":"var(--ast-global-color-5)","background-image":"","background-repeat":"repeat","background-position":"center center","background-size":"auto","background-attachment":"scroll","background-type":"","background-media":"","overlay-type":"","overlay-color":"","overlay-opacity":"","overlay-gradient":""}}},"product_brand":[],"product_cat":[118,150],"product_tag":[],"class_list":{"0":"post-114093","1":"product","2":"type-product","3":"status-publish","4":"has-post-thumbnail","6":"product_cat-medence-szaunavilag","7":"product_cat-wellness-hu","8":"apc-product-has-components","9":"desktop-align-left","10":"tablet-align-left","11":"mobile-align-left","13":"first","14":"instock","15":"taxable","16":"shipping-taxable","17":"purchasable","18":"product-type-variable","19":"has-default-attributes"},"acf":[],"_links":{"self":[{"href":"https:\/\/shop.wellnesspatince.sk\/hu\/wp-json\/wp\/v2\/product\/114093","targetHints":{"allow":["GET"]}}],"collection":[{"href":"https:\/\/shop.wellnesspatince.sk\/hu\/wp-json\/wp\/v2\/product"}],"about":[{"href":"https:\/\/shop.wellnesspatince.sk\/hu\/wp-json\/wp\/v2\/types\/product"}],"wp:featuredmedia":[{"embeddable":true,"href":"https:\/\/shop.wellnesspatince.sk\/hu\/wp-json\/wp\/v2\/media\/124052"}],"wp:attachment":[{"href":"https:\/\/shop.wellnesspatince.sk\/hu\/wp-json\/wp\/v2\/media?parent=114093"}],"wp:term":[{"taxonomy":"product_brand","embeddable":true,"href":"https:\/\/shop.wellnesspatince.sk\/hu\/wp-json\/wp\/v2\/product_brand?post=114093"},{"taxonomy":"product_cat","embeddable":true,"href":"https:\/\/shop.wellnesspatince.sk\/hu\/wp-json\/wp\/v2\/product_cat?post=114093"},{"taxonomy":"product_tag","embeddable":true,"href":"https:\/\/shop.wellnesspatince.sk\/hu\/wp-json\/wp\/v2\/product_tag?post=114093"}],"curies":[{"name":"wp","href":"https:\/\/api.w.org\/{rel}","templated":true}]}}