{"id":114162,"date":"2020-05-14T19:45:38","date_gmt":"2020-05-14T17:45:38","guid":{"rendered":"https:\/\/shop.wellnesspatince.sk\/product\/pobytovy-balik-classic\/"},"modified":"2024-08-06T14:28:28","modified_gmt":"2024-08-06T12:28:28","slug":"classic-csomag","status":"publish","type":"product","link":"https:\/\/shop.wellnesspatince.sk\/hu\/termek\/classic-csomag\/","title":{"rendered":"SZ\u00c1LL\u00c1S CSOMAG A PATI WELLNESS SZ\u00c1LLOD\u00c1BAN****"},"content":{"rendered":"<h2><strong>A csomag a k\u00f6vetkez\u0151ket tartalmazza:<\/strong><\/h2>\n<p>Sz\u00e1ll\u00e1s k\u00e9t\u00e1gyas Standard szob\u00e1ban 2 f\u0151 r\u00e9sz\u00e9re<br \/>\n<strong>F\u00e9lpanzi\u00f3<\/strong> &#8211; sv\u00e9dasztalos reggeli \u00e9s vacsora vagy 4 fog\u00e1sos men\u00fc v\u00e1laszt\u00e1sa (italok n\u00e9lk\u00fcl)<br \/>\n<strong>Korl\u00e1tlan bel\u00e9p\u00e9s a Thermal parkba:<\/strong> nagy relax\u00e1ci\u00f3s medence, relax\u00e1ci\u00f3s medence, pezsg\u0151f\u00fcrd\u0151, gyermekmedence cs\u00faszd\u00e1val<br \/>\n<strong>Korl\u00e1tlan bel\u00e9p\u00e9s\u00a0 a Wellness k\u00f6zpontba:<\/strong> finn, sv\u00e9d, gy\u00f3gyn\u00f6v\u00e9ny, g\u0151z \u00e9s infraszauna, pezsg\u0151f\u00fcrd\u0151, jegesmedence, \u00e9s relax\u00e1ci\u00f3s szoba.<br \/>\n<strong>Korl\u00e1tlan bel\u00e9p\u00e9s a Fitneszk\u00f6zpontba<\/strong><br \/>\nH\u00e9tv\u00e9gi anim\u00e1ci\u00f3s programok \u00e9s tev\u00e9kenys\u00e9gek, gyermek sarkak<br \/>\nIngyenes Wi-Fi<br \/>\nIngyenes parkol\u00e1s<\/p>\n<h2><strong>\u00c9rv\u00e9nyess\u00e9g<\/strong><\/h2>\n<p>A csomag a v\u00e1s\u00e1rl\u00e1st\u00f3l sz\u00e1m\u00edtott 12 h\u00f3napig \u00e9rv\u00e9nyes, az al\u00e1bbi id\u0151szakok kiv\u00e9tel\u00e9vel: H\u00fasv\u00e9t, Halloween, Kar\u00e1csony, \u00daj \u00e9v.<br \/>\nA sz\u00e1lloda fenntartja mag\u00e1nak a jogot az aj\u00e1nd\u00e9kutalv\u00e1ny felhaszn\u00e1l\u00e1si idej\u00e9nek kijel\u00f6l\u00e9s\u00e9re.<\/p>\n<h2><strong>Foglal\u00e1sok<\/strong><\/h2>\n<p>Wellness Hotel Patince****<\/p>\n<p>Tel.: +421 917 654 875\/E-mail: <a href=\"mailto:rezervacie@wellnesspatince.sk\">rezervacie@wellnesspatince.sk, <\/a><\/p>\n<p><a href=\"https:\/\/wellnesspatince.sk\/\" target=\"_blank\" rel=\"noopener\">www.wellnesspatince.sk\u00a0<\/a><\/p>\n","protected":false},"excerpt":{"rendered":"<p>Tegye lehet\u0151v\u00e9 a szeretteisz\u00e1m\u00e1ra a k\u00e9nyelmes, pihen\u00e9ssel teli tart\u00f3zkod\u00e1st. A mozg\u00e1sszervekre j\u00f3t\u00e9kony hat\u00e1st gyakorl\u00f3 h\u00e9v\u00edznek k\u00f6sz\u00f6nhet\u0151en pozit\u00edv energi\u00e1k kelnek \u00e9letre. A szolg\u00e1ltat\u00e1sokat \u00e9s kezel\u00e9seket az \u00fcgyfelek egy\u00e9nileg rendelhetik meg gazdag wellness \u00e9s spa k\u00edn\u00e1latunkb\u00f3l.<\/p>\n<p>V\u00e1lasszon sz\u00e1ll\u00e1s csomagot 2 vagy 3 \u00e9jszak\u00e1ra. Gyermekek &#8211; <strong>6 \u00e9v alatti gyermekek ingyen<\/strong> &#8211; sz\u00fcl\u0151k k\u00f6z\u00f6tti alv\u00e1s eset\u00e9n.<\/p>\n","protected":false},"featured_media":124058,"template":"","meta":{"site-sidebar-layout":"default","site-content-layout":"default","ast-site-content-layout":"default","site-content-style":"default","site-sidebar-style":"default","ast-global-header-display":"","ast-banner-title-visibility":"","ast-main-header-display":"","ast-hfb-above-header-display":"","ast-hfb-below-header-display":"","ast-hfb-mobile-header-display":"","site-post-title":"","ast-breadcrumbs-content":"","ast-featured-img":"","footer-sml-layout":"","theme-transparent-header-meta":"default","adv-header-id-meta":"","stick-header-meta":"","header-above-stick-meta":"","header-main-stick-meta":"","header-below-stick-meta":"","astra-migrate-meta-layouts":"default","ast-page-background-enabled":"default","ast-page-background-meta":{"desktop":{"background-color":"","background-image":"","background-repeat":"repeat","background-position":"center center","background-size":"auto","background-attachment":"scroll","background-type":"","background-media":"","overlay-type":"","overlay-color":"","overlay-opacity":"","overlay-gradient":""},"tablet":{"background-color":"","background-image":"","background-repeat":"repeat","background-position":"center center","background-size":"auto","background-attachment":"scroll","background-type":"","background-media":"","overlay-type":"","overlay-color":"","overlay-opacity":"","overlay-gradient":""},"mobile":{"background-color":"","background-image":"","background-repeat":"repeat","background-position":"center center","background-size":"auto","background-attachment":"scroll","background-type":"","background-media":"","overlay-type":"","overlay-color":"","overlay-opacity":"","overlay-gradient":""}},"ast-content-background-meta":{"desktop":{"background-color":"var(--ast-global-color-5)","background-image":"","background-repeat":"repeat","background-position":"center center","background-size":"auto","background-attachment":"scroll","background-type":"","background-media":"","overlay-type":"","overlay-color":"","overlay-opacity":"","overlay-gradient":""},"tablet":{"background-color":"var(--ast-global-color-5)","background-image":"","background-repeat":"repeat","background-position":"center center","background-size":"auto","background-attachment":"scroll","background-type":"","background-media":"","overlay-type":"","overlay-color":"","overlay-opacity":"","overlay-gradient":""},"mobile":{"background-color":"var(--ast-global-color-5)","background-image":"","background-repeat":"repeat","background-position":"center center","background-size":"auto","background-attachment":"scroll","background-type":"","background-media":"","overlay-type":"","overlay-color":"","overlay-opacity":"","overlay-gradient":""}}},"product_brand":[],"product_cat":[116],"product_tag":[],"class_list":{"0":"post-114162","1":"product","2":"type-product","3":"status-publish","4":"has-post-thumbnail","6":"product_cat-szallas","7":"desktop-align-left","8":"tablet-align-left","9":"mobile-align-left","11":"first","12":"instock","13":"taxable","14":"shipping-taxable","15":"purchasable","16":"product-type-variable","17":"has-default-attributes"},"acf":[],"_links":{"self":[{"href":"https:\/\/shop.wellnesspatince.sk\/hu\/wp-json\/wp\/v2\/product\/114162","targetHints":{"allow":["GET"]}}],"collection":[{"href":"https:\/\/shop.wellnesspatince.sk\/hu\/wp-json\/wp\/v2\/product"}],"about":[{"href":"https:\/\/shop.wellnesspatince.sk\/hu\/wp-json\/wp\/v2\/types\/product"}],"wp:featuredmedia":[{"embeddable":true,"href":"https:\/\/shop.wellnesspatince.sk\/hu\/wp-json\/wp\/v2\/media\/124058"}],"wp:attachment":[{"href":"https:\/\/shop.wellnesspatince.sk\/hu\/wp-json\/wp\/v2\/media?parent=114162"}],"wp:term":[{"taxonomy":"product_brand","embeddable":true,"href":"https:\/\/shop.wellnesspatince.sk\/hu\/wp-json\/wp\/v2\/product_brand?post=114162"},{"taxonomy":"product_cat","embeddable":true,"href":"https:\/\/shop.wellnesspatince.sk\/hu\/wp-json\/wp\/v2\/product_cat?post=114162"},{"taxonomy":"product_tag","embeddable":true,"href":"https:\/\/shop.wellnesspatince.sk\/hu\/wp-json\/wp\/v2\/product_tag?post=114162"}],"curies":[{"name":"wp","href":"https:\/\/api.w.org\/{rel}","templated":true}]}}