{"id":119461,"date":"2023-09-28T13:36:00","date_gmt":"2023-09-28T11:36:02","guid":{"rendered":"https:\/\/shop.wellnesspatince.sk\/?post_type=product&#038;p=119461"},"modified":"2025-01-10T09:59:00","modified_gmt":"2025-01-10T08:59:00","slug":"akcio-klasszikus-masszazs","status":"publish","type":"product","link":"https:\/\/shop.wellnesspatince.sk\/hu\/termek\/akcio-klasszikus-masszazs\/","title":{"rendered":"KLASSZIKUS MASSZ\u00c1ZS"},"content":{"rendered":"<h2>A\u00a0term\u00e9k le\u00edr\u00e1sa<\/h2>\n<p>A klasszikus massz\u00e1zs a massz\u00e1zs egyik legr\u00e9gebbi m\u00f3dja. J\u00f3t\u00e9kony hat\u00e1ssal van a t\u00falhajszolts\u00e1gra, a stresszre, a mozg\u00e1sszervi megbeteged\u00e9sekre. Ellaz\u00edt, megsz\u00fcnteti a f\u00e1radts\u00e1got \u00e9s helyre\u00e1ll\u00edtja a merev izmok mozg\u00e9konys\u00e1g\u00e1t. Ha rendszeresen j\u00e1r klasszikus massz\u00e1zsra, az egyszerre lesz megel\u0151z\u0151 \u00e9s ter\u00e1pi\u00e1s hat\u00e1s\u00fa, remek\u00fcl kipiheni mag\u00e1t \u00e9s \u00faj energi\u00e1t nyer.<\/p>\n<h2>\u00c9rv\u00e9nyess\u00e9g<\/h2>\n<p>Az utalv\u00e1ny a v\u00e1s\u00e1rl\u00e1s napj\u00e1t\u00f3l sz\u00e1m\u00edtott 6 h\u00f3napig \u00e9rv\u00e9nyes, \u00e9s nem haszn\u00e1lhat\u00f3 fel a v\u00e1s\u00e1rl\u00e1s napj\u00e1n.<\/p>\n<h2>K\u00f6zlem\u00e9nyek<\/h2>\n<p>Miel\u0151tt megl\u00e1togatn\u00e1 k\u00f6zpontunkat, k\u00e9rj\u00fck, ellen\u0151rizze az aktu\u00e1lis inform\u00e1ci\u00f3kat \u00e9s nyitvatart\u00e1si id\u0151t.<\/p>\n","protected":false},"excerpt":{"rendered":"<p>Ahogy nek\u00fcnk, \u00fagy a test\u00fcnknek is sz\u00fcks\u00e9ge van id\u0151nk\u00e9nt egy kis pihen\u00e9sre. A massz\u00e1zs az egyik legjobb m\u00f3dja ennek. Ezt m\u00e1r az \u00f3kori egyiptomiak is tudt\u00e1k, \u00e9s \u00fagy vonultak be a t\u00f6rt\u00e9nelembe, mint az els\u0151k, akik massz\u00e1zst alkalmaztak. A massz\u00e1zs f\u0151 c\u00e9lja, hogy pozit\u00edvan befoly\u00e1solja a betegs\u00e9gfolyamatokat, megsz\u00fcntesse a s\u00e9r\u00fcl\u00e9sek \u00e9s a fizikai f\u00e1radts\u00e1g hat\u00e1sait. A betegs\u00e9gek megel\u0151z\u00e9s\u00e9ben is nagy jelent\u0151s\u00e9ge van, ellens\u00falyozza a f\u00e1radts\u00e1got, er\u0151s\u00edti az eg\u00e9szs\u00e9get \u00e9s n\u00f6veli a szervezet \u00e1ltal\u00e1nos ellen\u00e1ll\u00f3 k\u00e9pess\u00e9g\u00e9t. A massz\u00e1zst val\u00f3ban az eg\u00e9sz vil\u00e1gon gyakorolj\u00e1k, \u00e9s ez az egyik oka annak, hogy oly sok fajt\u00e1j\u00e1t ismerj\u00fck. Ha \u00d6n is igazi kikapcsol\u00f3d\u00e1sra v\u00e1gyik, l\u00e1togasson el massz\u00e1zsk\u00f6zpontunkba. Sz\u00e9les v\u00e1laszt\u00e9kb\u00f3l v\u00e1laszthat, \u00e9s biztosan kicser\u00e9lve fog fel\u00e1llni a massz\u00e1zsasztalr\u00f3l. K\u00e9nyeztesse mag\u00e1t, \u00e9s k\u00e9nyeztesse test\u00e9t egy 30 perces relax\u00e1l\u00f3 massz\u00e1zzsal, amely h\u00e1t-, nyak- \u00e9s v\u00e1llmassz\u00e1zst is tartalmaz.<\/p>\n<p><em><strong>*Ez a fajta massz\u00e1zs nem aj\u00e1nlott fert\u0151z\u0151, daganatos \u00e9s b\u0151rbetegs\u00e9gek, jelent\u0151s f\u00e1radts\u00e1g, csontritkul\u00e1s \u00e9s k\u00f6zvetlen\u00fcl f\u0151\u00e9tkez\u00e9s ut\u00e1n.<\/strong><\/em><\/p>\n","protected":false},"featured_media":120425,"template":"","meta":{"site-sidebar-layout":"default","site-content-layout":"default","ast-site-content-layout":"default","site-content-style":"default","site-sidebar-style":"default","ast-global-header-display":"","ast-banner-title-visibility":"","ast-main-header-display":"","ast-hfb-above-header-display":"","ast-hfb-below-header-display":"","ast-hfb-mobile-header-display":"","site-post-title":"","ast-breadcrumbs-content":"","ast-featured-img":"","footer-sml-layout":"","theme-transparent-header-meta":"default","adv-header-id-meta":"","stick-header-meta":"","header-above-stick-meta":"","header-main-stick-meta":"","header-below-stick-meta":"","astra-migrate-meta-layouts":"default","ast-page-background-enabled":"default","ast-page-background-meta":{"desktop":{"background-color":"","background-image":"","background-repeat":"repeat","background-position":"center center","background-size":"auto","background-attachment":"scroll","background-type":"","background-media":"","overlay-type":"","overlay-color":"","overlay-opacity":"","overlay-gradient":""},"tablet":{"background-color":"","background-image":"","background-repeat":"repeat","background-position":"center center","background-size":"auto","background-attachment":"scroll","background-type":"","background-media":"","overlay-type":"","overlay-color":"","overlay-opacity":"","overlay-gradient":""},"mobile":{"background-color":"","background-image":"","background-repeat":"repeat","background-position":"center center","background-size":"auto","background-attachment":"scroll","background-type":"","background-media":"","overlay-type":"","overlay-color":"","overlay-opacity":"","overlay-gradient":""}},"ast-content-background-meta":{"desktop":{"background-color":"var(--ast-global-color-5)","background-image":"","background-repeat":"repeat","background-position":"center center","background-size":"auto","background-attachment":"scroll","background-type":"","background-media":"","overlay-type":"","overlay-color":"","overlay-opacity":"","overlay-gradient":""},"tablet":{"background-color":"var(--ast-global-color-5)","background-image":"","background-repeat":"repeat","background-position":"center center","background-size":"auto","background-attachment":"scroll","background-type":"","background-media":"","overlay-type":"","overlay-color":"","overlay-opacity":"","overlay-gradient":""},"mobile":{"background-color":"var(--ast-global-color-5)","background-image":"","background-repeat":"repeat","background-position":"center center","background-size":"auto","background-attachment":"scroll","background-type":"","background-media":"","overlay-type":"","overlay-color":"","overlay-opacity":"","overlay-gradient":""}}},"product_brand":[],"product_cat":[138],"product_tag":[],"class_list":{"0":"post-119461","1":"product","2":"type-product","3":"status-publish","4":"has-post-thumbnail","6":"product_cat-masszazsok","7":"desktop-align-left","8":"tablet-align-left","9":"mobile-align-left","11":"first","12":"instock","13":"sale","14":"taxable","15":"shipping-taxable","16":"purchasable","17":"product-type-variable","18":"has-default-attributes"},"acf":[],"_links":{"self":[{"href":"https:\/\/shop.wellnesspatince.sk\/hu\/wp-json\/wp\/v2\/product\/119461","targetHints":{"allow":["GET"]}}],"collection":[{"href":"https:\/\/shop.wellnesspatince.sk\/hu\/wp-json\/wp\/v2\/product"}],"about":[{"href":"https:\/\/shop.wellnesspatince.sk\/hu\/wp-json\/wp\/v2\/types\/product"}],"wp:featuredmedia":[{"embeddable":true,"href":"https:\/\/shop.wellnesspatince.sk\/hu\/wp-json\/wp\/v2\/media\/120425"}],"wp:attachment":[{"href":"https:\/\/shop.wellnesspatince.sk\/hu\/wp-json\/wp\/v2\/media?parent=119461"}],"wp:term":[{"taxonomy":"product_brand","embeddable":true,"href":"https:\/\/shop.wellnesspatince.sk\/hu\/wp-json\/wp\/v2\/product_brand?post=119461"},{"taxonomy":"product_cat","embeddable":true,"href":"https:\/\/shop.wellnesspatince.sk\/hu\/wp-json\/wp\/v2\/product_cat?post=119461"},{"taxonomy":"product_tag","embeddable":true,"href":"https:\/\/shop.wellnesspatince.sk\/hu\/wp-json\/wp\/v2\/product_tag?post=119461"}],"curies":[{"name":"wp","href":"https:\/\/api.w.org\/{rel}","templated":true}]}}