{"id":120408,"date":"2023-11-22T10:50:09","date_gmt":"2023-11-22T09:50:12","guid":{"rendered":"https:\/\/shop.wellnesspatince.sk\/?post_type=product&#038;p=120408"},"modified":"2025-01-10T09:59:37","modified_gmt":"2025-01-10T08:59:37","slug":"masszazs-lavakovekkel","status":"publish","type":"product","link":"https:\/\/shop.wellnesspatince.sk\/hu\/termek\/masszazs-lavakovekkel\/","title":{"rendered":"MASSZ\u00c1ZS L\u00c1VAK\u00d6VEKKEL"},"content":{"rendered":"<h2>A\u00a0term\u00e9k le\u00edr\u00e1sa<\/h2>\n<p>A forr\u00f3 l\u00e1vak\u00f6ves massz\u00e1zs az egyik legjobb ter\u00e1pia a test \u00e1ltal\u00e1nos regener\u00e1l\u00e1s\u00e1ra \u00e9s ellaz\u00edt\u00e1s\u00e1ra. A l\u00e1vak\u00f6ves massz\u00e1zs nagyszer\u0171 m\u00f3dja a stressz \u00e9s a szorong\u00e1s enyh\u00edt\u00e9s\u00e9nek, a fesz\u00fclt izmok \u00e9s a s\u00e9r\u00fclt l\u00e1gyr\u00e9szek ellaz\u00edt\u00e1s\u00e1nak \u00e9s felold\u00e1s\u00e1nak, az \u00e1lmatlans\u00e1g legy\u0151z\u00e9s\u00e9nek \u00e9s a nem k\u00edv\u00e1nt m\u00e9reganyagok elt\u00e1vol\u00edt\u00e1s\u00e1nak a szervezetb\u0151l.<\/p>\n<h2>\u00c9rv\u00e9nyess\u00e9g<\/h2>\n<p>Az utalv\u00e1ny a v\u00e1s\u00e1rl\u00e1s napj\u00e1t\u00f3l sz\u00e1m\u00edtott 6 h\u00f3napig \u00e9rv\u00e9nyes, \u00e9s nem haszn\u00e1lhat\u00f3 fel a v\u00e1s\u00e1rl\u00e1s napj\u00e1n. A megrendel\u00e9s\u00e9t a sz\u00e1lloda recepci\u00f3j\u00e1n\u00e1l lehet leadni.<\/p>\n<h2>K\u00f6zlem\u00e9nyek<\/h2>\n<p>Miel\u0151tt megl\u00e1togatn\u00e1 k\u00f6zpontunkat, k\u00e9rj\u00fck, ellen\u0151rizze az aktu\u00e1lis inform\u00e1ci\u00f3kat \u00e9s nyitvatart\u00e1si id\u0151t.<\/p>\n","protected":false},"excerpt":{"rendered":"<p>A forr\u00f3 l\u00e1vak\u00f6ves massz\u00e1zs az egyik legjobb ter\u00e1pia a test \u00e1ltal\u00e1nos regener\u00e1l\u00e1s\u00e1ra \u00e9s ellaz\u00edt\u00e1s\u00e1ra. A l\u00e1vak\u00f6vek k\u00e9pesek elnyelni, megtartani \u00e9s fokozatosan leadni a h\u0151t. H\u0151energi\u00e1t k\u00f6zvet\u00edtenek \u00e9s adnak \u00e1t, ami nemcsak a b\u0151rre, a b\u0151r alatti sz\u00f6vetekre \u00e9s az izomrostokra van pozit\u00edv hat\u00e1ssal, hanem jelent\u0151s v\u00e9rkering\u00e9st okoz, jav\u00edtja a v\u00e9r kering\u00e9s\u00e9t \u00e9s oxig\u00e9nell\u00e1t\u00e1s\u00e1t, felgyors\u00edtja a sz\u00f6veti anyagcser\u00e9t \u00e9s a szervezet m\u00e9regtelen\u00edt\u00e9s\u00e9t. A forr\u00f3k\u00f6ves massz\u00e1zs sor\u00e1n sima, lapos, f\u0171t\u00f6tt k\u00f6veket helyeznek a test k\u00fcl\u00f6nb\u00f6z\u0151 r\u00e9szeire a maxim\u00e1lis ter\u00e1pi\u00e1s hat\u00e1s \u00e9rdek\u00e9ben. A k\u00f6vek \u00e1ltal\u00e1ban bazaltb\u00f3l k\u00e9sz\u00fclnek. A bazalt magas vastartalm\u00fa vulk\u00e1ni k\u0151zet, amely seg\u00edt megtartani a h\u0151t a k\u0151ben a massz\u00e1zs sor\u00e1n. A k\u00f6veket \u00e1ltal\u00e1ban fert\u0151tlen\u00edt\u0151 v\u00edzben, 55-65 0C-os h\u0151m\u00e9rs\u00e9kleten meleg\u00edtik fel. Leggyakoribb hely\u00fck a gerinc, a mellkas \u00e9s a teny\u00e9r k\u00f6rny\u00e9ke. K\u00e9nyeztesse mag\u00e1t egy 30 perces l\u00e1vak\u00f6ves massz\u00e1zzsal, \u00e9s regener\u00e1lja test\u00e9t.<\/p>\n<p>&nbsp;<\/p>\n<p><em><strong>*Ez a fajta massz\u00e1zs nem aj\u00e1nlott b\u0151r, sz\u00edv, daganat, fert\u0151z\u0151 betegs\u00e9gek, terhess\u00e9g, gyullad\u00e1s, vissz\u00e9rprobl\u00e9m\u00e1k \u00e9s m\u0171t\u00e9t ut\u00e1ni \u00e1llapotok eset\u00e9n.<\/strong><\/em><\/p>\n","protected":false},"featured_media":120446,"template":"","meta":{"site-sidebar-layout":"default","site-content-layout":"default","ast-site-content-layout":"default","site-content-style":"default","site-sidebar-style":"default","ast-global-header-display":"","ast-banner-title-visibility":"","ast-main-header-display":"","ast-hfb-above-header-display":"","ast-hfb-below-header-display":"","ast-hfb-mobile-header-display":"","site-post-title":"","ast-breadcrumbs-content":"","ast-featured-img":"","footer-sml-layout":"","theme-transparent-header-meta":"default","adv-header-id-meta":"","stick-header-meta":"","header-above-stick-meta":"","header-main-stick-meta":"","header-below-stick-meta":"","astra-migrate-meta-layouts":"default","ast-page-background-enabled":"default","ast-page-background-meta":{"desktop":{"background-color":"","background-image":"","background-repeat":"repeat","background-position":"center center","background-size":"auto","background-attachment":"scroll","background-type":"","background-media":"","overlay-type":"","overlay-color":"","overlay-opacity":"","overlay-gradient":""},"tablet":{"background-color":"","background-image":"","background-repeat":"repeat","background-position":"center center","background-size":"auto","background-attachment":"scroll","background-type":"","background-media":"","overlay-type":"","overlay-color":"","overlay-opacity":"","overlay-gradient":""},"mobile":{"background-color":"","background-image":"","background-repeat":"repeat","background-position":"center center","background-size":"auto","background-attachment":"scroll","background-type":"","background-media":"","overlay-type":"","overlay-color":"","overlay-opacity":"","overlay-gradient":""}},"ast-content-background-meta":{"desktop":{"background-color":"var(--ast-global-color-5)","background-image":"","background-repeat":"repeat","background-position":"center center","background-size":"auto","background-attachment":"scroll","background-type":"","background-media":"","overlay-type":"","overlay-color":"","overlay-opacity":"","overlay-gradient":""},"tablet":{"background-color":"var(--ast-global-color-5)","background-image":"","background-repeat":"repeat","background-position":"center center","background-size":"auto","background-attachment":"scroll","background-type":"","background-media":"","overlay-type":"","overlay-color":"","overlay-opacity":"","overlay-gradient":""},"mobile":{"background-color":"var(--ast-global-color-5)","background-image":"","background-repeat":"repeat","background-position":"center center","background-size":"auto","background-attachment":"scroll","background-type":"","background-media":"","overlay-type":"","overlay-color":"","overlay-opacity":"","overlay-gradient":""}}},"product_brand":[],"product_cat":[138],"product_tag":[],"class_list":{"0":"post-120408","1":"product","2":"type-product","3":"status-publish","4":"has-post-thumbnail","6":"product_cat-masszazsok","7":"desktop-align-left","8":"tablet-align-left","9":"mobile-align-left","11":"first","12":"instock","13":"sale","14":"taxable","15":"shipping-taxable","16":"purchasable","17":"product-type-variable","18":"has-default-attributes"},"acf":[],"_links":{"self":[{"href":"https:\/\/shop.wellnesspatince.sk\/hu\/wp-json\/wp\/v2\/product\/120408","targetHints":{"allow":["GET"]}}],"collection":[{"href":"https:\/\/shop.wellnesspatince.sk\/hu\/wp-json\/wp\/v2\/product"}],"about":[{"href":"https:\/\/shop.wellnesspatince.sk\/hu\/wp-json\/wp\/v2\/types\/product"}],"wp:featuredmedia":[{"embeddable":true,"href":"https:\/\/shop.wellnesspatince.sk\/hu\/wp-json\/wp\/v2\/media\/120446"}],"wp:attachment":[{"href":"https:\/\/shop.wellnesspatince.sk\/hu\/wp-json\/wp\/v2\/media?parent=120408"}],"wp:term":[{"taxonomy":"product_brand","embeddable":true,"href":"https:\/\/shop.wellnesspatince.sk\/hu\/wp-json\/wp\/v2\/product_brand?post=120408"},{"taxonomy":"product_cat","embeddable":true,"href":"https:\/\/shop.wellnesspatince.sk\/hu\/wp-json\/wp\/v2\/product_cat?post=120408"},{"taxonomy":"product_tag","embeddable":true,"href":"https:\/\/shop.wellnesspatince.sk\/hu\/wp-json\/wp\/v2\/product_tag?post=120408"}],"curies":[{"name":"wp","href":"https:\/\/api.w.org\/{rel}","templated":true}]}}