{"id":120459,"date":"2023-11-22T12:01:15","date_gmt":"2023-11-22T11:01:17","guid":{"rendered":"https:\/\/shop.wellnesspatince.sk\/?post_type=product&#038;p=120459"},"modified":"2025-01-10T09:58:47","modified_gmt":"2025-01-10T08:58:47","slug":"klasszikus-aromatikus-masszazs","status":"publish","type":"product","link":"https:\/\/shop.wellnesspatince.sk\/hu\/termek\/klasszikus-aromatikus-masszazs\/","title":{"rendered":"KLASSZIKUS AROMAMASSZ\u00c1ZS"},"content":{"rendered":"<h2>A\u00a0term\u00e9k le\u00edr\u00e1sa<\/h2>\n<p>A relax\u00e1l\u00f3 aromater\u00e1pi\u00e1s massz\u00e1zs egy nagyon gyeng\u00e9d, kellemes, pihentet\u0151 \u00e9s relax\u00e1l\u00f3 massz\u00e1zs, amely k\u00fcl\u00f6n\u00f6sen alkalmas a mindennapi t\u00falterhel\u00e9s \u00e9s stressz okozta h\u00e1t- \u00e9s eg\u00e9sz testf\u00e1jdalmakra.<\/p>\n<h2>\u00c9rv\u00e9nyess\u00e9g<\/h2>\n<p>Az utalv\u00e1ny a v\u00e1s\u00e1rl\u00e1s napj\u00e1t\u00f3l sz\u00e1m\u00edtott 6 h\u00f3napig \u00e9rv\u00e9nyes, \u00e9s nem haszn\u00e1lhat\u00f3 fel a v\u00e1s\u00e1rl\u00e1s napj\u00e1n.<br \/>\nA megrendel\u00e9s\u00e9t a sz\u00e1lloda recepci\u00f3j\u00e1n\u00e1l lehet leadni.<\/p>\n<h2>K\u00f6zlem\u00e9nyek<\/h2>\n<p>Miel\u0151tt ell\u00e1togatna \u00fcd\u00fcl\u0151hely\u00fcnkre, k\u00e9rj\u00fck, ellen\u0151rizze az aktu\u00e1lis inform\u00e1ci\u00f3kat \u00e9s nyitvatart\u00e1si id\u0151t.<\/p>\n<p>&nbsp;<\/p>\n","protected":false},"excerpt":{"rendered":"<p>Az aromamassz\u00e1zs egy luxus relax\u00e1ci\u00f3s ter\u00e1pia, amely a massz\u00e1zs \u00e9s az aromater\u00e1pia hat\u00e1sait \u00f6tv\u00f6zi. Ill\u00f3olajokat haszn\u00e1lnak az eg\u00e9sz testet \u00e1tmozgat\u00f3 massz\u00e1zshoz, amely nemcsak a testet, hanem az elm\u00e9t is ellaz\u00edtja. Annak ellen\u00e9re, hogy ez egy nagyon gyeng\u00e9d massz\u00e1zs, az izomr\u00e9szek ment\u00e9n v\u00e9gzett hossz\u00fa \u00e9s lass\u00fa sim\u00edt\u00e1soknak k\u00f6sz\u00f6nhet\u0151en hat\u00e9konyan ellaz\u00edtja \u00e9s megnyugtatja a testet \u00e9s az elm\u00e9t, oldja a ment\u00e1lis fesz\u00fclts\u00e9get, harmoniz\u00e1lja az \u00e9rzelmeket, j\u00f3 k\u00f6z\u00e9rzetet id\u00e9z el\u0151, er\u0151s\u00edti az immunit\u00e1st, jav\u00edtja a nyirok\u00e1raml\u00e1st, a b\u0151r v\u00e9rkering\u00e9s\u00e9t, cs\u00f6kkenti az izomf\u00e1jdalmat, enyh\u00edti az izmok \u00e9s \u00edz\u00fcletek merevs\u00e9g\u00e9t, \u00e9s rendszeres alkalmaz\u00e1s eset\u00e9n sz\u00e1mos m\u00e1s pozit\u00edv hat\u00e1ssal is rendelkezik. Az illat, amely k\u00f6r\u00fclveszi \u00d6nt \u00e9s \u00e1tj\u00e1rja test\u00e9nek minden r\u00e9sz\u00e9t, a lelki j\u00f3l\u00e9t t\u00f6k\u00e9letes \u00e1llapot\u00e1ba helyezi \u00d6nt. A 30 perces massz\u00e1zs sor\u00e1n 6 ill\u00f3olaj k\u00f6z\u00fcl v\u00e1laszthatsz.<\/p>\n<p><em><strong>*Ez a fajta massz\u00e1zs nem aj\u00e1nlott b\u0151r-, fert\u0151z\u0151, onkol\u00f3giai \u00e9s gyullad\u00e1sos betegs\u00e9gek, valamint az adott ill\u00f3olajra val\u00f3 allergia eset\u00e9n.<\/strong><\/em><\/p>\n","protected":false},"featured_media":120471,"template":"","meta":{"site-sidebar-layout":"default","site-content-layout":"default","ast-site-content-layout":"default","site-content-style":"default","site-sidebar-style":"default","ast-global-header-display":"","ast-banner-title-visibility":"","ast-main-header-display":"","ast-hfb-above-header-display":"","ast-hfb-below-header-display":"","ast-hfb-mobile-header-display":"","site-post-title":"","ast-breadcrumbs-content":"","ast-featured-img":"","footer-sml-layout":"","theme-transparent-header-meta":"default","adv-header-id-meta":"","stick-header-meta":"","header-above-stick-meta":"","header-main-stick-meta":"","header-below-stick-meta":"","astra-migrate-meta-layouts":"default","ast-page-background-enabled":"default","ast-page-background-meta":{"desktop":{"background-color":"","background-image":"","background-repeat":"repeat","background-position":"center center","background-size":"auto","background-attachment":"scroll","background-type":"","background-media":"","overlay-type":"","overlay-color":"","overlay-opacity":"","overlay-gradient":""},"tablet":{"background-color":"","background-image":"","background-repeat":"repeat","background-position":"center center","background-size":"auto","background-attachment":"scroll","background-type":"","background-media":"","overlay-type":"","overlay-color":"","overlay-opacity":"","overlay-gradient":""},"mobile":{"background-color":"","background-image":"","background-repeat":"repeat","background-position":"center center","background-size":"auto","background-attachment":"scroll","background-type":"","background-media":"","overlay-type":"","overlay-color":"","overlay-opacity":"","overlay-gradient":""}},"ast-content-background-meta":{"desktop":{"background-color":"var(--ast-global-color-5)","background-image":"","background-repeat":"repeat","background-position":"center center","background-size":"auto","background-attachment":"scroll","background-type":"","background-media":"","overlay-type":"","overlay-color":"","overlay-opacity":"","overlay-gradient":""},"tablet":{"background-color":"var(--ast-global-color-5)","background-image":"","background-repeat":"repeat","background-position":"center center","background-size":"auto","background-attachment":"scroll","background-type":"","background-media":"","overlay-type":"","overlay-color":"","overlay-opacity":"","overlay-gradient":""},"mobile":{"background-color":"var(--ast-global-color-5)","background-image":"","background-repeat":"repeat","background-position":"center center","background-size":"auto","background-attachment":"scroll","background-type":"","background-media":"","overlay-type":"","overlay-color":"","overlay-opacity":"","overlay-gradient":""}}},"product_brand":[],"product_cat":[138],"product_tag":[],"class_list":{"0":"post-120459","1":"product","2":"type-product","3":"status-publish","4":"has-post-thumbnail","6":"product_cat-masszazsok","7":"desktop-align-left","8":"tablet-align-left","9":"mobile-align-left","11":"first","12":"instock","13":"sale","14":"taxable","15":"shipping-taxable","16":"purchasable","17":"product-type-variable","18":"has-default-attributes"},"acf":[],"_links":{"self":[{"href":"https:\/\/shop.wellnesspatince.sk\/hu\/wp-json\/wp\/v2\/product\/120459","targetHints":{"allow":["GET"]}}],"collection":[{"href":"https:\/\/shop.wellnesspatince.sk\/hu\/wp-json\/wp\/v2\/product"}],"about":[{"href":"https:\/\/shop.wellnesspatince.sk\/hu\/wp-json\/wp\/v2\/types\/product"}],"wp:featuredmedia":[{"embeddable":true,"href":"https:\/\/shop.wellnesspatince.sk\/hu\/wp-json\/wp\/v2\/media\/120471"}],"wp:attachment":[{"href":"https:\/\/shop.wellnesspatince.sk\/hu\/wp-json\/wp\/v2\/media?parent=120459"}],"wp:term":[{"taxonomy":"product_brand","embeddable":true,"href":"https:\/\/shop.wellnesspatince.sk\/hu\/wp-json\/wp\/v2\/product_brand?post=120459"},{"taxonomy":"product_cat","embeddable":true,"href":"https:\/\/shop.wellnesspatince.sk\/hu\/wp-json\/wp\/v2\/product_cat?post=120459"},{"taxonomy":"product_tag","embeddable":true,"href":"https:\/\/shop.wellnesspatince.sk\/hu\/wp-json\/wp\/v2\/product_tag?post=120459"}],"curies":[{"name":"wp","href":"https:\/\/api.w.org\/{rel}","templated":true}]}}