{"id":121291,"date":"2023-10-03T15:18:21","date_gmt":"2023-10-03T13:18:21","guid":{"rendered":"https:\/\/shop.wellnesspatince.sk\/product\/121291\/"},"modified":"2025-03-15T17:11:13","modified_gmt":"2025-03-15T16:11:13","slug":"121291","status":"publish","type":"product","link":"https:\/\/shop.wellnesspatince.sk\/hu\/termek\/121291\/","title":{"rendered":"AJ\u00c1ND\u00c9KUTALV\u00c1NY SZ\u00c1LL\u00c1SRA \u00c9S SZOLG\u00c1LTAT\u00c1SOKRA"},"content":{"rendered":"<p>Az aj\u00e1nd\u00e9kutalv\u00e1ny felhaszn\u00e1lhat\u00f3 sz\u00e1ll\u00e1s, \u00e9tkeztet\u00e9s \u00e9s kieg\u00e9sz\u00edt\u0151 szolg\u00e1ltat\u00e1sok kifizet\u00e9s\u00e9re a sz\u00e1llod\u00e1kban &#8211; Wellness Hotel Patince, AquaCity Poprad &#8211; Hotel Riverside ***, Hotel Seasons ****, Hotel Mountain View ****. Az aj\u00e1nd\u00e9kutalv\u00e1nyt egyszer kell felhaszn\u00e1lni.<\/p>\n<h2><span style=\"color: #00b1b0;\"><strong>FELHASZN\u00c1L\u00c1SI FELT\u00c9TELEK<\/strong><\/span><\/h2>\n<p>Az aj\u00e1nd\u00e9kutalv\u00e1ny felhaszn\u00e1lhat\u00f3 a sz\u00e1llod\u00e1inkban val\u00f3 tart\u00f3zkod\u00e1s sor\u00e1n a sz\u00e1ll\u00e1sszolg\u00e1ltat\u00e1sok, gasztron\u00f3miai szolg\u00e1ltat\u00e1sok, kieg\u00e9sz\u00edt\u0151 szolg\u00e1ltat\u00e1sok &#8211; massz\u00e1zsok \u00e9s kezel\u00e9sek &#8211; kifizet\u00e9s\u00e9re. A fel nem haszn\u00e1lt kreditet nem \u00edrjuk j\u00f3v\u00e1 \u00e9s nem fizetj\u00fck ki k\u00e9szp\u00e9nzben. Az utalv\u00e1ny a v\u00e1s\u00e1rl\u00e1st\u00f3l sz\u00e1m\u00edtott 1 \u00e9vig \u00e9rv\u00e9nyes. Az aj\u00e1nd\u00e9kutalv\u00e1ny \u00e1truh\u00e1zhat\u00f3 \u00e9s nem n\u00e9vhez k\u00f6t\u00f6tt.<\/p>\n<h2><span style=\"color: #00b1b0;\"><strong>Foglal\u00e1sok<\/strong><\/span><\/h2>\n<p><strong>NYUGAT-SZLOV\u00c1KIA<\/strong><br \/>\nPATI WELLNESS HOTEL **** Tel.: +421 917 654 875, E-mail:rezervacie@wellnesspatince.sk, www.wellnesspatince.sk.<\/p>\n<p><strong>AQUACITY POPRAD<\/strong><br \/>\nHotel SEASONS ****, MOUNTAIN VIEW ****, RIVERSIDE *** , Tel.: +421 52 78 51 222, +421 910 802 309, E-mail: recepcia@aquacity.sk, www.aquacityhotel.sk.<\/p>\n<p>&nbsp;<\/p>\n<p>&nbsp;<\/p>\n","protected":false},"excerpt":{"rendered":"<p>Az aj\u00e1nd\u00e9kutalv\u00e1ny felhaszn\u00e1lhat\u00f3 sz\u00e1ll\u00e1s, \u00e9tkeztet\u00e9s \u00e9s kieg\u00e9sz\u00edt\u0151 szolg\u00e1ltat\u00e1sok kifizet\u00e9s\u00e9re a sz\u00e1llod\u00e1kban &#8211; Wellness Hotel Patince, AquaCity Poprad &#8211; Hotel Riverside ***, Hotel Seasons ****, Hotel Mountain View ****. Az aj\u00e1nd\u00e9kutalv\u00e1nyt egyszer kell felhaszn\u00e1lni. FELHASZN\u00c1L\u00c1SI FELT\u00c9TELEK Az aj\u00e1nd\u00e9kutalv\u00e1ny felhaszn\u00e1lhat\u00f3 a sz\u00e1llod\u00e1inkban val\u00f3 tart\u00f3zkod\u00e1s sor\u00e1n a sz\u00e1ll\u00e1sszolg\u00e1ltat\u00e1sok, gasztron\u00f3miai szolg\u00e1ltat\u00e1sok, kieg\u00e9sz\u00edt\u0151 szolg\u00e1ltat\u00e1sok &#8211; massz\u00e1zsok \u00e9s kezel\u00e9sek &#8211; kifizet\u00e9s\u00e9re. [&hellip;]<\/p>\n","protected":false},"featured_media":119519,"template":"","meta":{"site-sidebar-layout":"default","site-content-layout":"default","ast-site-content-layout":"default","site-content-style":"default","site-sidebar-style":"default","ast-global-header-display":"","ast-banner-title-visibility":"","ast-main-header-display":"","ast-hfb-above-header-display":"","ast-hfb-below-header-display":"","ast-hfb-mobile-header-display":"","site-post-title":"","ast-breadcrumbs-content":"","ast-featured-img":"","footer-sml-layout":"","theme-transparent-header-meta":"default","adv-header-id-meta":"","stick-header-meta":"","header-above-stick-meta":"","header-main-stick-meta":"","header-below-stick-meta":"","astra-migrate-meta-layouts":"default","ast-page-background-enabled":"default","ast-page-background-meta":{"desktop":{"background-color":"","background-image":"","background-repeat":"repeat","background-position":"center center","background-size":"auto","background-attachment":"scroll","background-type":"","background-media":"","overlay-type":"","overlay-color":"","overlay-opacity":"","overlay-gradient":""},"tablet":{"background-color":"","background-image":"","background-repeat":"repeat","background-position":"center center","background-size":"auto","background-attachment":"scroll","background-type":"","background-media":"","overlay-type":"","overlay-color":"","overlay-opacity":"","overlay-gradient":""},"mobile":{"background-color":"","background-image":"","background-repeat":"repeat","background-position":"center center","background-size":"auto","background-attachment":"scroll","background-type":"","background-media":"","overlay-type":"","overlay-color":"","overlay-opacity":"","overlay-gradient":""}},"ast-content-background-meta":{"desktop":{"background-color":"var(--ast-global-color-5)","background-image":"","background-repeat":"repeat","background-position":"center center","background-size":"auto","background-attachment":"scroll","background-type":"","background-media":"","overlay-type":"","overlay-color":"","overlay-opacity":"","overlay-gradient":""},"tablet":{"background-color":"var(--ast-global-color-5)","background-image":"","background-repeat":"repeat","background-position":"center center","background-size":"auto","background-attachment":"scroll","background-type":"","background-media":"","overlay-type":"","overlay-color":"","overlay-opacity":"","overlay-gradient":""},"mobile":{"background-color":"var(--ast-global-color-5)","background-image":"","background-repeat":"repeat","background-position":"center center","background-size":"auto","background-attachment":"scroll","background-type":"","background-media":"","overlay-type":"","overlay-color":"","overlay-opacity":"","overlay-gradient":""}}},"product_brand":[],"product_cat":[119],"product_tag":[],"class_list":{"0":"post-121291","1":"product","2":"type-product","3":"status-publish","4":"has-post-thumbnail","6":"product_cat-akciok","7":"desktop-align-left","8":"tablet-align-left","9":"mobile-align-left","11":"first","12":"instock","13":"taxable","14":"shipping-taxable","15":"purchasable","16":"product-type-variable","17":"has-default-attributes"},"acf":[],"_links":{"self":[{"href":"https:\/\/shop.wellnesspatince.sk\/hu\/wp-json\/wp\/v2\/product\/121291","targetHints":{"allow":["GET"]}}],"collection":[{"href":"https:\/\/shop.wellnesspatince.sk\/hu\/wp-json\/wp\/v2\/product"}],"about":[{"href":"https:\/\/shop.wellnesspatince.sk\/hu\/wp-json\/wp\/v2\/types\/product"}],"wp:featuredmedia":[{"embeddable":true,"href":"https:\/\/shop.wellnesspatince.sk\/hu\/wp-json\/wp\/v2\/media\/119519"}],"wp:attachment":[{"href":"https:\/\/shop.wellnesspatince.sk\/hu\/wp-json\/wp\/v2\/media?parent=121291"}],"wp:term":[{"taxonomy":"product_brand","embeddable":true,"href":"https:\/\/shop.wellnesspatince.sk\/hu\/wp-json\/wp\/v2\/product_brand?post=121291"},{"taxonomy":"product_cat","embeddable":true,"href":"https:\/\/shop.wellnesspatince.sk\/hu\/wp-json\/wp\/v2\/product_cat?post=121291"},{"taxonomy":"product_tag","embeddable":true,"href":"https:\/\/shop.wellnesspatince.sk\/hu\/wp-json\/wp\/v2\/product_tag?post=121291"}],"curies":[{"name":"wp","href":"https:\/\/api.w.org\/{rel}","templated":true}]}}