{"id":124206,"date":"2024-05-27T06:55:25","date_gmt":"2024-05-27T04:55:26","guid":{"rendered":"https:\/\/shop.wellnesspatince.sk\/?post_type=product&#038;p=124206"},"modified":"2024-08-06T07:33:19","modified_gmt":"2024-08-06T05:33:19","slug":"nyari-strand-furdo-csaladi-belepo-4","status":"publish","type":"product","link":"https:\/\/shop.wellnesspatince.sk\/hu\/termek\/nyari-strand-furdo-csaladi-belepo-4\/","title":{"rendered":"Ny\u00e1ri strandf\u00fcrd\u0151 &#8211; Csal\u00e1di bel\u00e9p\u0151 4 f\u0151 r\u00e9sz\u00e9re (2024 06.29. &#8211; 09.01.)"},"content":{"rendered":"<h2><strong>Term\u00e9kle\u00edr\u00e1s<\/strong><\/h2>\n<p><strong>NY\u00c1RI STRAND <\/strong><strong>F\u00dcRD\u0150 <\/strong> (Bel\u00e9p\u00e9s a ny\u00e1ri jegyp\u00e9nzt\u00e1ron kereszt\u00fcl) Egyszeri bel\u00e9p\u00e9s<\/p>\n<ul>\n<li><strong style=\"font-size: 16px;\">Ny\u00e1ri strand<\/strong><strong style=\"font-size: 16px;\">f\u00fcrd\u0151 &#8211; <\/strong><span style=\"font-size: 16px;\">rekre\u00e1ci\u00f3s gyermekmedenc\u00e9k, sportmedence, \u00fasz\u00f3medence, \u00fcl\u0151medence<\/span><\/li>\n<\/ul>\n<h2><strong>\u00c9rv\u00e9nyess\u00e9g<\/strong><\/h2>\n<p>A voucher \u00e9rv\u00e9nyes 2024.06.29. &#8211; 2024.09.01. k\u00f6z\u00f6tt. Az utalv\u00e1nyt a ny\u00e1ri p\u00e9nzt\u00e1rn\u00e1l lehet felmutatni. K\u00e9rj\u00fck, l\u00e1togat\u00e1sa el\u0151tt ellen\u0151rizze a <a href=\"https:\/\/wellnesspatince.sk\/hu\/nyitvatartasi-ido-es-ertesitesek\/\">nyitvatart\u00e1si id\u0151t.<\/a><\/p>\n","protected":false},"excerpt":{"rendered":"<p><strong>Eg\u00e9sz napos csal\u00e1di bel\u00e9p\u0151 4 f\u0151 r\u00e9sz\u00e9re a ny\u00e1ri strandf\u00fcrd\u0151be.<\/strong><\/p>\n<p>Ny\u00e1ri strandf\u00fcrd\u0151 &#8211;\u00a0 A ny\u00e1ri v\u00edzi park val\u00f3di paradicsom a v\u00edzi sz\u00f3rakoz\u00e1st kedvel\u0151knek. Biztos\u00edtjuk a rekre\u00e1ci\u00f3s gyermekmedenc\u00e9t, a kisgyermek medenc\u00e9t, a sportmedenc\u00e9t, az \u00fasz\u00f3medenc\u00e9t, az \u00fcl\u0151medenc\u00e9t \u00e9s a cs\u00faszd\u00e1kat. Mindenki megtal\u00e1lja a sz\u00e1m\u00edt\u00e1s\u00e1t \u00e9s \u00e9lvezheti a v\u00edzi sz\u00f3rakoz\u00e1st \u00e9s felejthetetlen ny\u00e1ri pillanatokat.<\/p>\n<p><span style=\"color: #ff0000;\"><strong>Az utalv\u00e1nyokat legal\u00e1bb 1 nappal kor\u00e1bban kell megv\u00e1s\u00e1rolni, a v\u00e1s\u00e1rl\u00e1s napj\u00e1n nem \u00e9rv\u00e9nyesek<\/strong><\/span><\/p>\n<p><strong>Gyermekek 120 cm-ig 1 eur\u00f3\u00e9rt l\u00e9phetnek be, bel\u00e9p\u0151t a jegyp\u00e9nzt\u00e1rban lehet megv\u00e1s\u00e1rolni.<\/strong><\/p>\n","protected":false},"featured_media":117095,"template":"","meta":{"site-sidebar-layout":"default","site-content-layout":"default","ast-site-content-layout":"default","site-content-style":"default","site-sidebar-style":"default","ast-global-header-display":"","ast-banner-title-visibility":"","ast-main-header-display":"","ast-hfb-above-header-display":"","ast-hfb-below-header-display":"","ast-hfb-mobile-header-display":"","site-post-title":"","ast-breadcrumbs-content":"","ast-featured-img":"","footer-sml-layout":"","theme-transparent-header-meta":"default","adv-header-id-meta":"","stick-header-meta":"","header-above-stick-meta":"","header-main-stick-meta":"","header-below-stick-meta":"","astra-migrate-meta-layouts":"default","ast-page-background-enabled":"default","ast-page-background-meta":{"desktop":{"background-color":"","background-image":"","background-repeat":"repeat","background-position":"center center","background-size":"auto","background-attachment":"scroll","background-type":"","background-media":"","overlay-type":"","overlay-color":"","overlay-opacity":"","overlay-gradient":""},"tablet":{"background-color":"","background-image":"","background-repeat":"repeat","background-position":"center center","background-size":"auto","background-attachment":"scroll","background-type":"","background-media":"","overlay-type":"","overlay-color":"","overlay-opacity":"","overlay-gradient":""},"mobile":{"background-color":"","background-image":"","background-repeat":"repeat","background-position":"center center","background-size":"auto","background-attachment":"scroll","background-type":"","background-media":"","overlay-type":"","overlay-color":"","overlay-opacity":"","overlay-gradient":""}},"ast-content-background-meta":{"desktop":{"background-color":"var(--ast-global-color-5)","background-image":"","background-repeat":"repeat","background-position":"center center","background-size":"auto","background-attachment":"scroll","background-type":"","background-media":"","overlay-type":"","overlay-color":"","overlay-opacity":"","overlay-gradient":""},"tablet":{"background-color":"var(--ast-global-color-5)","background-image":"","background-repeat":"repeat","background-position":"center center","background-size":"auto","background-attachment":"scroll","background-type":"","background-media":"","overlay-type":"","overlay-color":"","overlay-opacity":"","overlay-gradient":""},"mobile":{"background-color":"var(--ast-global-color-5)","background-image":"","background-repeat":"repeat","background-position":"center center","background-size":"auto","background-attachment":"scroll","background-type":"","background-media":"","overlay-type":"","overlay-color":"","overlay-opacity":"","overlay-gradient":""}}},"product_brand":[],"product_cat":[154],"product_tag":[],"class_list":{"0":"post-124206","1":"product","2":"type-product","3":"status-publish","4":"has-post-thumbnail","6":"product_cat-strandfurdo","7":"desktop-align-left","8":"tablet-align-left","9":"mobile-align-left","11":"first","12":"instock","13":"taxable","14":"shipping-taxable","15":"purchasable","16":"product-type-variable","17":"has-default-attributes"},"acf":[],"_links":{"self":[{"href":"https:\/\/shop.wellnesspatince.sk\/hu\/wp-json\/wp\/v2\/product\/124206","targetHints":{"allow":["GET"]}}],"collection":[{"href":"https:\/\/shop.wellnesspatince.sk\/hu\/wp-json\/wp\/v2\/product"}],"about":[{"href":"https:\/\/shop.wellnesspatince.sk\/hu\/wp-json\/wp\/v2\/types\/product"}],"wp:featuredmedia":[{"embeddable":true,"href":"https:\/\/shop.wellnesspatince.sk\/hu\/wp-json\/wp\/v2\/media\/117095"}],"wp:attachment":[{"href":"https:\/\/shop.wellnesspatince.sk\/hu\/wp-json\/wp\/v2\/media?parent=124206"}],"wp:term":[{"taxonomy":"product_brand","embeddable":true,"href":"https:\/\/shop.wellnesspatince.sk\/hu\/wp-json\/wp\/v2\/product_brand?post=124206"},{"taxonomy":"product_cat","embeddable":true,"href":"https:\/\/shop.wellnesspatince.sk\/hu\/wp-json\/wp\/v2\/product_cat?post=124206"},{"taxonomy":"product_tag","embeddable":true,"href":"https:\/\/shop.wellnesspatince.sk\/hu\/wp-json\/wp\/v2\/product_tag?post=124206"}],"curies":[{"name":"wp","href":"https:\/\/api.w.org\/{rel}","templated":true}]}}