{"id":124294,"date":"2024-05-21T06:37:44","date_gmt":"2024-05-29T13:39:08","guid":{"rendered":"https:\/\/shop.wellnesspatince.sk\/?post_type=product&#038;p=124294"},"modified":"2024-08-06T07:13:54","modified_gmt":"2024-08-06T05:13:54","slug":"csaladi-belepo-3-fo-ebedmenu-2024-1-7-1-9","status":"publish","type":"product","link":"https:\/\/shop.wellnesspatince.sk\/hu\/termek\/csaladi-belepo-3-fo-ebedmenu-2024-1-7-1-9\/","title":{"rendered":"Csal\u00e1di bel\u00e9p\u0151 3 f\u0151 r\u00e9sz\u00e9re + eb\u00e9dmen\u00fc (2024 6.29.-9.1.)"},"content":{"rendered":"<h2>Term\u00e9kle\u00edr\u00e1s<\/h2>\n<p>Eg\u00e9sz napos csal\u00e1di bel\u00e9p\u0151 3 f\u0151 r\u00e9sz\u00e9re a Term\u00e1lparkba \u00e9s a Pati ny\u00e1ri strandf\u00fcrd\u0151be + eb\u00e9dmen\u00fc<br \/>\n<strong>TERM\u00c1LPARK<\/strong> (bej\u00e1rat a Wellness Hotel Patince-n kereszt\u00fcl) \/ <strong>Bel\u00e9p\u00e9s az \u00f6sszes fedett \u00e9s szabadt\u00e9ri term\u00e1lmedenc\u00e9be + ny\u00e1ri uszoda<\/strong><br \/>\n<strong>Belt\u00e9ri medenc\u00e9k<\/strong> &#8211; nagy relax\u00e1ci\u00f3s medence, \u00fcl\u0151medence, pezsg\u0151f\u00fcrd\u0151, fedett gyermekmedence v\u00edzics\u00faszd\u00e1val, fedett \u00f6lt\u00f6z\u0151, j\u00e1tsz\u00f3terek \u00e9s j\u00e1tsz\u00f3terek.<br \/>\n<strong>K\u00fclt\u00e9ri medenc\u00e9k<\/strong> &#8211; gyermek k\u00fclt\u00e9ri medence, ny\u00e1ri k\u00fclt\u00e9ri medence v\u00edzics\u00faszd\u00e1val<br \/>\n<strong>Ny\u00e1ri\u00a0 strandf\u00fcrd\u0151<\/strong> &#8211; rekre\u00e1ci\u00f3s gyermekmedence, kis gyermekmedence, sportmedence, \u00fasz\u00f3medence, \u00fcl\u0151medence, v\u00edzics\u00faszd\u00e1k<\/p>\n<h2>\u00c9rv\u00e9nyess\u00e9g<\/h2>\n<p>Az utalv\u00e1ny 2024.6.29. -t\u0151l 9.1-ig \u00e9rv\u00e9nyes. Megrendel\u00e9s\u00e9t a Wellness Hotel Patince jegyp\u00e9nzt\u00e1r\u00e1ban teheti meg. Az utalv\u00e1ny a v\u00e1s\u00e1rl\u00e1s napj\u00e1n nem haszn\u00e1lhat\u00f3 fel. K\u00e9rj\u00fck, l\u00e1togat\u00e1sa el\u0151tt t\u00e1j\u00e9koz\u00f3djon a nyitvatart\u00e1si rendr\u0151l.<\/p>\n<p>&nbsp;<\/p>\n<div id=\"ph6wzr0\" style=\"display: none;\"><\/div>\n","protected":false},"excerpt":{"rendered":"<p><strong>Eg\u00e9sz napos csal\u00e1di bel\u00e9p\u0151 3 f\u0151 r\u00e9sz\u00e9re a Term\u00e1lparkba \u00e9s a\u00a0 Pati ny\u00e1ri strandf\u00fcrd\u0151be\u00a0 + eb\u00e9dmen\u00fc.<\/strong><\/p>\n<p>A Wellness Hotel Patince az eg\u00e9sz csal\u00e1d sz\u00e1m\u00e1ra ny\u00fajt kikapcsol\u00f3d\u00e1st. Medenc\u00e9inkben saj\u00e1t term\u00e1lforr\u00e1sunk viz\u00e9t haszn\u00e1ljuk. A medencevil\u00e1gban az \u00d6n\u00f6k rendelkez\u00e9s\u00e9re \u00e1ll: egy nagy relax\u00e1ci\u00f3s medence, egy csendes medence, egy pezsg\u0151f\u00fcrd\u0151, egy gyermekmedence cs\u00faszd\u00e1val. A medenc\u00e9k v\u00edzh\u0151m\u00e9rs\u00e9klete 30 \u00e9s 36 \u00b0C k\u00f6z\u00f6tt mozog. A term\u00e1lv\u00edzben val\u00f3 medenc\u00e9s f\u00fcrd\u0151z\u00e9s nyugtat\u00f3 hat\u00e1s\u00fa \u00e9s j\u00f3t\u00e9konyan hat a mozg\u00e1sszervekre.<\/p>\n<p><strong>A Term\u00e1lpark \u00e9s Wellness k\u00f6zpont bel\u00e9p\u0151jegyeit legal\u00e1bb 1 nappal a l\u00e1togat\u00e1s el\u0151tt meg kell v\u00e1s\u00e1rolni, a v\u00e1s\u00e1rl\u00e1s napj\u00e1n nem \u00e9rv\u00e9nyesek.<\/strong><\/p>\n<p>Gyermekek 120 cm-es magass\u00e1gig 1 \u20ac-\u00e9rt vehetnek r\u00e9szt a bel\u00e9p\u0151jegyen, \u00e9s a jegyp\u00e9nzt\u00e1rban v\u00e1s\u00e1rolhatj\u00e1k meg a bel\u00e9p\u0151t. A jegyek 3 f\u0151re sz\u00f3lnak, amelyb\u0151l legal\u00e1bb 1 f\u0151nek 18 \u00e9v alatti gyermeknek kell lennie. Tov\u00e1bbi 18 \u00e9ven fel\u00fcli gyermekek sz\u00e1m\u00e1ra (3 vagy 4 f\u0151) a jegy \u00e1ra 12 \u20ac. Egy csal\u00e1di csomagban legfeljebb 6 f\u0151 vehet r\u00e9szt.<\/p>\n<p>&nbsp;<\/p>\n<div id=\"ph6wzr0\" style=\"display: none;\"><\/div>\n","protected":false},"featured_media":124040,"template":"","meta":{"site-sidebar-layout":"default","site-content-layout":"default","ast-site-content-layout":"default","site-content-style":"default","site-sidebar-style":"default","ast-global-header-display":"","ast-banner-title-visibility":"","ast-main-header-display":"","ast-hfb-above-header-display":"","ast-hfb-below-header-display":"","ast-hfb-mobile-header-display":"","site-post-title":"","ast-breadcrumbs-content":"","ast-featured-img":"","footer-sml-layout":"","theme-transparent-header-meta":"default","adv-header-id-meta":"","stick-header-meta":"","header-above-stick-meta":"","header-main-stick-meta":"","header-below-stick-meta":"","astra-migrate-meta-layouts":"default","ast-page-background-enabled":"default","ast-page-background-meta":{"desktop":{"background-color":"","background-image":"","background-repeat":"repeat","background-position":"center center","background-size":"auto","background-attachment":"scroll","background-type":"","background-media":"","overlay-type":"","overlay-color":"","overlay-opacity":"","overlay-gradient":""},"tablet":{"background-color":"","background-image":"","background-repeat":"repeat","background-position":"center center","background-size":"auto","background-attachment":"scroll","background-type":"","background-media":"","overlay-type":"","overlay-color":"","overlay-opacity":"","overlay-gradient":""},"mobile":{"background-color":"","background-image":"","background-repeat":"repeat","background-position":"center center","background-size":"auto","background-attachment":"scroll","background-type":"","background-media":"","overlay-type":"","overlay-color":"","overlay-opacity":"","overlay-gradient":""}},"ast-content-background-meta":{"desktop":{"background-color":"var(--ast-global-color-5)","background-image":"","background-repeat":"repeat","background-position":"center center","background-size":"auto","background-attachment":"scroll","background-type":"","background-media":"","overlay-type":"","overlay-color":"","overlay-opacity":"","overlay-gradient":""},"tablet":{"background-color":"var(--ast-global-color-5)","background-image":"","background-repeat":"repeat","background-position":"center center","background-size":"auto","background-attachment":"scroll","background-type":"","background-media":"","overlay-type":"","overlay-color":"","overlay-opacity":"","overlay-gradient":""},"mobile":{"background-color":"var(--ast-global-color-5)","background-image":"","background-repeat":"repeat","background-position":"center center","background-size":"auto","background-attachment":"scroll","background-type":"","background-media":"","overlay-type":"","overlay-color":"","overlay-opacity":"","overlay-gradient":""}}},"product_brand":[],"product_cat":[118],"product_tag":[],"class_list":{"0":"post-124294","1":"product","2":"type-product","3":"status-publish","4":"has-post-thumbnail","6":"product_cat-medence-szaunavilag","7":"apc-product-has-components","8":"desktop-align-left","9":"tablet-align-left","10":"mobile-align-left","12":"first","13":"instock","14":"taxable","15":"shipping-taxable","16":"purchasable","17":"product-type-variable","18":"has-default-attributes"},"acf":[],"_links":{"self":[{"href":"https:\/\/shop.wellnesspatince.sk\/hu\/wp-json\/wp\/v2\/product\/124294","targetHints":{"allow":["GET"]}}],"collection":[{"href":"https:\/\/shop.wellnesspatince.sk\/hu\/wp-json\/wp\/v2\/product"}],"about":[{"href":"https:\/\/shop.wellnesspatince.sk\/hu\/wp-json\/wp\/v2\/types\/product"}],"wp:featuredmedia":[{"embeddable":true,"href":"https:\/\/shop.wellnesspatince.sk\/hu\/wp-json\/wp\/v2\/media\/124040"}],"wp:attachment":[{"href":"https:\/\/shop.wellnesspatince.sk\/hu\/wp-json\/wp\/v2\/media?parent=124294"}],"wp:term":[{"taxonomy":"product_brand","embeddable":true,"href":"https:\/\/shop.wellnesspatince.sk\/hu\/wp-json\/wp\/v2\/product_brand?post=124294"},{"taxonomy":"product_cat","embeddable":true,"href":"https:\/\/shop.wellnesspatince.sk\/hu\/wp-json\/wp\/v2\/product_cat?post=124294"},{"taxonomy":"product_tag","embeddable":true,"href":"https:\/\/shop.wellnesspatince.sk\/hu\/wp-json\/wp\/v2\/product_tag?post=124294"}],"curies":[{"name":"wp","href":"https:\/\/api.w.org\/{rel}","templated":true}]}}